{"id":6443,"date":"2023-12-17T23:11:38","date_gmt":"2023-12-17T22:11:38","guid":{"rendered":"https:\/\/www.cycloclubmarvejolais.com\/?page_id=6443"},"modified":"2023-12-18T00:33:13","modified_gmt":"2023-12-17T23:33:13","slug":"decisions-permanentes","status":"publish","type":"page","link":"https:\/\/www.cycloclubmarvejolais.com\/?page_id=6443","title":{"rendered":"D\u00e9cisions permanentes"},"content":{"rendered":"<p><a href=\"http:\/\/www.cycloclubmarvejolais.com\/wp-content\/uploads\/2023\/12\/livre-oui-non-e1702853316264.jpg\"><img loading=\"lazy\" decoding=\"async\" class=\"alignnone size-full wp-image-6451\" src=\"http:\/\/www.cycloclubmarvejolais.com\/wp-content\/uploads\/2023\/12\/livre-oui-non-e1702853316264.jpg\" alt=\"\" width=\"606\" height=\"381\" srcset=\"https:\/\/www.cycloclubmarvejolais.com\/wp-content\/uploads\/2023\/12\/livre-oui-non-e1702853316264.jpg 606w, https:\/\/www.cycloclubmarvejolais.com\/wp-content\/uploads\/2023\/12\/livre-oui-non-e1702853316264-300x189.jpg 300w\" sizes=\"(max-width: 606px) 100vw, 606px\" \/><\/a><\/p>\n<p>Vous trouverez ici les d\u00e9cisions du bureau qui sont r\u00e9guli\u00e8rement prises au cours des ann\u00e9es et qui contribuent \u00e0 la bonne gestion du club.<\/p>\n<p><a href=\"http:\/\/www.cycloclubmarvejolais.com\/wp-content\/uploads\/2023\/12\/Decisions-du-bureau_CCM_2023-12-15-1.pdf\">D\u00e9cisions du bureau_CCM_2023-12-15<\/a><\/p>\n<p>&nbsp;<\/p>\n","protected":false},"excerpt":{"rendered":"<p>Vous trouverez ici les d\u00e9cisions du bureau qui sont r\u00e9guli\u00e8rement prises au cours des ann\u00e9es et qui contribuent \u00e0 la bonne gestion du club.&#46;&#46;&#46;<\/p>\n","protected":false},"author":32,"featured_media":6451,"parent":0,"menu_order":0,"comment_status":"closed","ping_status":"closed","template":"page-templates\/child-menu.php","meta":{"footnotes":""},"_links":{"self":[{"href":"https:\/\/www.cycloclubmarvejolais.com\/index.php?rest_route=\/wp\/v2\/pages\/6443"}],"collection":[{"href":"https:\/\/www.cycloclubmarvejolais.com\/index.php?rest_route=\/wp\/v2\/pages"}],"about":[{"href":"https:\/\/www.cycloclubmarvejolais.com\/index.php?rest_route=\/wp\/v2\/types\/page"}],"author":[{"embeddable":true,"href":"https:\/\/www.cycloclubmarvejolais.com\/index.php?rest_route=\/wp\/v2\/users\/32"}],"replies":[{"embeddable":true,"href":"https:\/\/www.cycloclubmarvejolais.com\/index.php?rest_route=%2Fwp%2Fv2%2Fcomments&post=6443"}],"version-history":[{"count":8,"href":"https:\/\/www.cycloclubmarvejolais.com\/index.php?rest_route=\/wp\/v2\/pages\/6443\/revisions"}],"predecessor-version":[{"id":6474,"href":"https:\/\/www.cycloclubmarvejolais.com\/index.php?rest_route=\/wp\/v2\/pages\/6443\/revisions\/6474"}],"wp:featuredmedia":[{"embeddable":true,"href":"https:\/\/www.cycloclubmarvejolais.com\/index.php?rest_route=\/wp\/v2\/media\/6451"}],"wp:attachment":[{"href":"https:\/\/www.cycloclubmarvejolais.com\/index.php?rest_route=%2Fwp%2Fv2%2Fmedia&parent=6443"}],"curies":[{"name":"wp","href":"https:\/\/api.w.org\/{rel}","templated":true}]}}